{"id":18538,"date":"2024-02-21T14:07:15","date_gmt":"2024-02-21T13:07:15","guid":{"rendered":"https:\/\/www.territoriomudejar.es\/routes-2\/"},"modified":"2024-02-21T14:07:16","modified_gmt":"2024-02-21T13:07:16","slug":"routes-2","status":"publish","type":"page","link":"https:\/\/www.territoriomudejar.es\/en\/routes-2\/","title":{"rendered":"Routes"},"content":{"rendered":"\t\t<div data-elementor-type=\"wp-post\" data-elementor-id=\"18538\" class=\"elementor elementor-18538 elementor-17305\" data-elementor-post-type=\"page\">\n\t\t\t\t\t\t<section class=\"elementor-section elementor-top-section elementor-element elementor-element-5758be7a elementor-section-full_width elementor-section-height-default elementor-section-height-default\" data-id=\"5758be7a\" data-element_type=\"section\" data-e-type=\"section\" data-settings=\"{&quot;jet_parallax_layout_list&quot;:[{&quot;jet_parallax_layout_image&quot;:{&quot;url&quot;:&quot;&quot;,&quot;id&quot;:&quot;&quot;,&quot;size&quot;:&quot;&quot;},&quot;_id&quot;:&quot;5a4a0a9&quot;,&quot;jet_parallax_layout_speed&quot;:{&quot;unit&quot;:&quot;%&quot;,&quot;size&quot;:50,&quot;sizes&quot;:[]},&quot;jet_parallax_layout_image_tablet&quot;:{&quot;url&quot;:&quot;&quot;,&quot;id&quot;:&quot;&quot;,&quot;size&quot;:&quot;&quot;},&quot;jet_parallax_layout_image_mobile&quot;:{&quot;url&quot;:&quot;&quot;,&quot;id&quot;:&quot;&quot;,&quot;size&quot;:&quot;&quot;},&quot;jet_parallax_layout_type&quot;:&quot;scroll&quot;,&quot;jet_parallax_layout_direction&quot;:&quot;1&quot;,&quot;jet_parallax_layout_fx_direction&quot;:null,&quot;jet_parallax_layout_z_index&quot;:&quot;&quot;,&quot;jet_parallax_layout_bg_x&quot;:50,&quot;jet_parallax_layout_bg_x_tablet&quot;:&quot;&quot;,&quot;jet_parallax_layout_bg_x_mobile&quot;:&quot;&quot;,&quot;jet_parallax_layout_bg_y&quot;:50,&quot;jet_parallax_layout_bg_y_tablet&quot;:&quot;&quot;,&quot;jet_parallax_layout_bg_y_mobile&quot;:&quot;&quot;,&quot;jet_parallax_layout_bg_size&quot;:&quot;auto&quot;,&quot;jet_parallax_layout_bg_size_tablet&quot;:&quot;&quot;,&quot;jet_parallax_layout_bg_size_mobile&quot;:&quot;&quot;,&quot;jet_parallax_layout_animation_prop&quot;:&quot;transform&quot;,&quot;jet_parallax_layout_on&quot;:[&quot;desktop&quot;,&quot;tablet&quot;]}],&quot;background_background&quot;:&quot;classic&quot;}\">\n\t\t\t\t\t\t\t<div class=\"elementor-background-overlay\"><\/div>\n\t\t\t\t\t\t\t<div class=\"elementor-container elementor-column-gap-default\">\n\t\t\t\t\t<div class=\"elementor-column elementor-col-33 elementor-top-column elementor-element elementor-element-231579fa\" data-id=\"231579fa\" data-element_type=\"column\" data-e-type=\"column\">\n\t\t\t<div class=\"elementor-widget-wrap\">\n\t\t\t\t\t\t\t<\/div>\n\t\t<\/div>\n\t\t\t\t<div class=\"elementor-column elementor-col-33 elementor-top-column elementor-element elementor-element-367aa4e8\" data-id=\"367aa4e8\" data-element_type=\"column\" data-e-type=\"column\">\n\t\t\t<div class=\"elementor-widget-wrap elementor-element-populated\">\n\t\t\t\t\t\t<div class=\"elementor-element elementor-element-10028924 elementor-widget elementor-widget-spacer\" data-id=\"10028924\" data-element_type=\"widget\" data-e-type=\"widget\" data-widget_type=\"spacer.default\">\n\t\t\t\t<div class=\"elementor-widget-container\">\n\t\t\t\t\t\t\t<div class=\"elementor-spacer\">\n\t\t\t<div class=\"elementor-spacer-inner\"><\/div>\n\t\t<\/div>\n\t\t\t\t\t\t<\/div>\n\t\t\t\t<\/div>\n\t\t\t\t<div class=\"elementor-element elementor-element-7f9a15e6 elementor-align-center elementor-widget elementor-widget-raven-heading\" data-id=\"7f9a15e6\" data-element_type=\"widget\" data-e-type=\"widget\" data-widget_type=\"raven-heading.default\">\n\t\t\t\t<div class=\"elementor-widget-container\">\n\t\t\t\t\t\t\t<div class=\"raven-widget-wrapper\"><h1 class=\"raven-heading raven-heading-h1\"><span class=\"raven-heading-title \">Projects<\/span><\/h1><\/div>\n\t\t\t\t\t\t<\/div>\n\t\t\t\t<\/div>\n\t\t\t\t<div class=\"elementor-element elementor-element-422562e4 elementor-align-center elementor-widget elementor-widget-raven-heading\" data-id=\"422562e4\" data-element_type=\"widget\" data-e-type=\"widget\" data-widget_type=\"raven-heading.default\">\n\t\t\t\t<div class=\"elementor-widget-container\">\n\t\t\t\t\t\t\t<div class=\"raven-widget-wrapper\"><h2 class=\"raven-heading raven-heading-h2\"><span class=\"raven-heading-title \">TERRITORIO MUD\u00c9JAR <\/span><\/h2><\/div>\n\t\t\t\t\t\t<\/div>\n\t\t\t\t<\/div>\n\t\t\t\t<div class=\"elementor-element elementor-element-3dc07c53 elementor-widget elementor-widget-spacer\" data-id=\"3dc07c53\" data-element_type=\"widget\" data-e-type=\"widget\" data-widget_type=\"spacer.default\">\n\t\t\t\t<div class=\"elementor-widget-container\">\n\t\t\t\t\t\t\t<div class=\"elementor-spacer\">\n\t\t\t<div class=\"elementor-spacer-inner\"><\/div>\n\t\t<\/div>\n\t\t\t\t\t\t<\/div>\n\t\t\t\t<\/div>\n\t\t\t\t\t<\/div>\n\t\t<\/div>\n\t\t\t\t<div class=\"elementor-column elementor-col-33 elementor-top-column elementor-element elementor-element-60332f7c\" data-id=\"60332f7c\" data-element_type=\"column\" data-e-type=\"column\">\n\t\t\t<div class=\"elementor-widget-wrap\">\n\t\t\t\t\t\t\t<\/div>\n\t\t<\/div>\n\t\t\t\t\t<\/div>\n\t\t<\/section>\n\t\t\t\t<section class=\"elementor-section elementor-top-section elementor-element elementor-element-13086167 elementor-section-boxed elementor-section-height-default elementor-section-height-default\" data-id=\"13086167\" data-element_type=\"section\" data-e-type=\"section\" data-settings=\"{&quot;jet_parallax_layout_list&quot;:[{&quot;jet_parallax_layout_image&quot;:{&quot;url&quot;:&quot;&quot;,&quot;id&quot;:&quot;&quot;,&quot;size&quot;:&quot;&quot;},&quot;_id&quot;:&quot;b36ef1a&quot;,&quot;jet_parallax_layout_image_tablet&quot;:{&quot;url&quot;:&quot;&quot;,&quot;id&quot;:&quot;&quot;,&quot;size&quot;:&quot;&quot;},&quot;jet_parallax_layout_image_mobile&quot;:{&quot;url&quot;:&quot;&quot;,&quot;id&quot;:&quot;&quot;,&quot;size&quot;:&quot;&quot;},&quot;jet_parallax_layout_speed&quot;:{&quot;unit&quot;:&quot;%&quot;,&quot;size&quot;:50,&quot;sizes&quot;:[]},&quot;jet_parallax_layout_type&quot;:&quot;scroll&quot;,&quot;jet_parallax_layout_direction&quot;:&quot;1&quot;,&quot;jet_parallax_layout_fx_direction&quot;:null,&quot;jet_parallax_layout_z_index&quot;:&quot;&quot;,&quot;jet_parallax_layout_bg_x&quot;:50,&quot;jet_parallax_layout_bg_x_tablet&quot;:&quot;&quot;,&quot;jet_parallax_layout_bg_x_mobile&quot;:&quot;&quot;,&quot;jet_parallax_layout_bg_y&quot;:50,&quot;jet_parallax_layout_bg_y_tablet&quot;:&quot;&quot;,&quot;jet_parallax_layout_bg_y_mobile&quot;:&quot;&quot;,&quot;jet_parallax_layout_bg_size&quot;:&quot;auto&quot;,&quot;jet_parallax_layout_bg_size_tablet&quot;:&quot;&quot;,&quot;jet_parallax_layout_bg_size_mobile&quot;:&quot;&quot;,&quot;jet_parallax_layout_animation_prop&quot;:&quot;transform&quot;,&quot;jet_parallax_layout_on&quot;:[&quot;desktop&quot;,&quot;tablet&quot;]}]}\">\n\t\t\t\t\t\t<div class=\"elementor-container elementor-column-gap-wider\">\n\t\t\t\t\t<div class=\"elementor-column elementor-col-50 elementor-top-column elementor-element elementor-element-18acc8de\" data-id=\"18acc8de\" data-element_type=\"column\" data-e-type=\"column\">\n\t\t\t<div class=\"elementor-widget-wrap elementor-element-populated\">\n\t\t\t\t\t\t<div class=\"elementor-element elementor-element-4ed727cc elementor-widget elementor-widget-raven-posts\" data-id=\"4ed727cc\" data-element_type=\"widget\" data-e-type=\"widget\" data-settings=\"{&quot;query_posts_per_page&quot;:10,&quot;classic_columns&quot;:&quot;2&quot;,&quot;_skin&quot;:&quot;classic&quot;,&quot;classic_layout&quot;:&quot;grid&quot;,&quot;classic_columns_tablet&quot;:&quot;2&quot;,&quot;classic_columns_mobile&quot;:&quot;1&quot;,&quot;query_offset&quot;:0}\" data-widget_type=\"raven-posts.classic\">\n\t\t\t\t<div class=\"elementor-widget-container\">\n\t\t\t\t\t\t\t<div class=\"raven-posts raven-grid raven-grid-2 raven-grid-mobile-1 raven-grid-tablet-2\" data-post-id=\"18538\" data-archive-query=\"\" data-lang=\"\">\n\t\t\t\t<div class=\"raven-grid-item raven-post-item post-12930 post type-post status-publish format-standard has-post-thumbnail hentry category-news category-routes\">\n\t\t\t<div class=\"raven-post\">\n\t\t\t\t\t\t<div class=\"raven-post-image-wrap\">\n\t\t\t<a class=\"raven-post-image raven-image-fit\" href=\"https:\/\/www.territoriomudejar.es\/en\/territorio-mudejar-routes-2021\/\"><img fetchpriority=\"high\" decoding=\"async\" width=\"300\" height=\"208\" src=\"https:\/\/www.territoriomudejar.es\/wp-content\/uploads\/2022\/01\/rutas-300x208.jpg\" class=\"attachment-medium size-medium wp-image-9527\" alt=\"\" srcset=\"https:\/\/www.territoriomudejar.es\/wp-content\/uploads\/2022\/01\/rutas-300x208.jpg 300w, https:\/\/www.territoriomudejar.es\/wp-content\/uploads\/2022\/01\/rutas-1024x711.jpg 1024w, https:\/\/www.territoriomudejar.es\/wp-content\/uploads\/2022\/01\/rutas-768x534.jpg 768w, https:\/\/www.territoriomudejar.es\/wp-content\/uploads\/2022\/01\/rutas-1536x1067.jpg 1536w, https:\/\/www.territoriomudejar.es\/wp-content\/uploads\/2022\/01\/rutas-2048x1423.jpg 2048w\" sizes=\"(max-width: 300px) 100vw, 300px\" \/> <span class=\"raven-post-image-overlay\"><\/span><\/a>\t\t<\/div>\n\t\t\t\t\t\t<div class=\"raven-post-content\">\n\t\t\t\t\t<h3 class=\"raven-post-title\"><a class=\"raven-post-title-link\" href=\"https:\/\/www.territoriomudejar.es\/en\/territorio-mudejar-routes-2021\/\">Territorio Mud\u00e9jar Routes 2021<\/a><\/h3>\t\t<div class=\"raven-post-meta\"><a class=\"raven-post-meta-item raven-post-date\" href=\"https:\/\/www.territoriomudejar.es\/en\/2023\/01\/\" rel=\"bookmark\">4 January, 2023<\/a>\n<span class=\"raven-post-meta-divider\">\/<\/span>\n<span class=\"raven-post-meta-item raven-post-categories\"><a href=\"https:\/\/www.territoriomudejar.es\/en\/category\/news\/\" rel=\"tag\">News<\/a>, <a href=\"https:\/\/www.territoriomudejar.es\/en\/category\/projects\/routes\/\" rel=\"tag\">Routes<\/a><\/span><\/div>\n\t\t<div class=\"raven-post-excerpt\">In a strategic alliance with the Tourism Department of the Provincial Council of Zaragoza, we present twelve routes accompanied by a complete tour of the villages of Territorio Mud\u00e9jar in<\/div>\t\t<div class=\"raven-post-read-more\">\n\t\t\t<a class=\"raven-post-button\" href=\"https:\/\/www.territoriomudejar.es\/en\/territorio-mudejar-routes-2021\/\"><span class=\"raven-post-button-text\">Leer m\u00e1s<\/span><\/a>\n\t\t<\/div>\n\t\t\t\t\t\t<\/div>\n\t\t\t<\/div>\n\t\t<\/div>\n\t\t\t\t<div class=\"raven-grid-item raven-post-item post-12085 post type-post status-publish format-standard has-post-thumbnail hentry category-news category-routes tag-heritage tag-mestizo-en tag-mudejar-en tag-projects tag-routes tag-territorio-mudejar-en\">\n\t\t\t<div class=\"raven-post\">\n\t\t\t\t\t\t<div class=\"raven-post-image-wrap\">\n\t\t\t<a class=\"raven-post-image raven-image-fit\" href=\"https:\/\/www.territoriomudejar.es\/en\/territorio-mudejar-routes-mestizo-land-and-borderland\/\"><img decoding=\"async\" width=\"300\" height=\"200\" data-src=\"https:\/\/www.territoriomudejar.es\/wp-content\/uploads\/2021\/05\/LMV124-1-300x200.jpg\" class=\"attachment-medium size-medium wp-image-4720 lazyload\" alt=\"\" data-srcset=\"https:\/\/www.territoriomudejar.es\/wp-content\/uploads\/2021\/05\/LMV124-1-300x200.jpg 300w, https:\/\/www.territoriomudejar.es\/wp-content\/uploads\/2021\/05\/LMV124-1-768x511.jpg 768w, https:\/\/www.territoriomudejar.es\/wp-content\/uploads\/2021\/05\/LMV124-1.jpg 886w\" data-sizes=\"(max-width: 300px) 100vw, 300px\" src=\"data:image\/svg+xml;base64,PHN2ZyB3aWR0aD0iMSIgaGVpZ2h0PSIxIiB4bWxucz0iaHR0cDovL3d3dy53My5vcmcvMjAwMC9zdmciPjwvc3ZnPg==\" style=\"--smush-placeholder-width: 300px; --smush-placeholder-aspect-ratio: 300\/200;\" \/> <span class=\"raven-post-image-overlay\"><\/span><\/a>\t\t<\/div>\n\t\t\t\t\t\t<div class=\"raven-post-content\">\n\t\t\t\t\t<h3 class=\"raven-post-title\"><a class=\"raven-post-title-link\" href=\"https:\/\/www.territoriomudejar.es\/en\/territorio-mudejar-routes-mestizo-land-and-borderland\/\">Territorio Mud\u00e9jar Routes: Mestizo Land and borderland<\/a><\/h3>\t\t<div class=\"raven-post-meta\"><a class=\"raven-post-meta-item raven-post-date\" href=\"https:\/\/www.territoriomudejar.es\/en\/2022\/09\/\" rel=\"bookmark\">7 September, 2022<\/a>\n<span class=\"raven-post-meta-divider\">\/<\/span>\n<span class=\"raven-post-meta-item raven-post-categories\"><a href=\"https:\/\/www.territoriomudejar.es\/en\/category\/news\/\" rel=\"tag\">News<\/a>, <a href=\"https:\/\/www.territoriomudejar.es\/en\/category\/projects\/routes\/\" rel=\"tag\">Routes<\/a><\/span>\n<span class=\"raven-post-meta-divider\">\/<\/span>\n<span class=\"raven-post-meta-item raven-post-tags\"><a href=\"https:\/\/www.territoriomudejar.es\/en\/tag\/heritage\/\" rel=\"tag\">heritage<\/a>, <a href=\"https:\/\/www.territoriomudejar.es\/en\/tag\/mestizo-en\/\" rel=\"tag\">mestizo<\/a>, <a href=\"https:\/\/www.territoriomudejar.es\/en\/tag\/mudejar-en\/\" rel=\"tag\">mudejar<\/a>, <a href=\"https:\/\/www.territoriomudejar.es\/en\/tag\/projects\/\" rel=\"tag\">projects<\/a>, <a href=\"https:\/\/www.territoriomudejar.es\/en\/tag\/routes\/\" rel=\"tag\">routes<\/a>, <a href=\"https:\/\/www.territoriomudejar.es\/en\/tag\/territorio-mudejar-en\/\" rel=\"tag\">Territorio Mud\u00e9jar<\/a><\/span><\/div>\n\t\t<div class=\"raven-post-excerpt\">Territorio Mud\u00e9jar continues with its routes.In January we offered a first panoramic approach in the magazine La magia de viajar por Arag\u00f3n (The magic of travelling in Aragon); in this<\/div>\t\t<div class=\"raven-post-read-more\">\n\t\t\t<a class=\"raven-post-button\" href=\"https:\/\/www.territoriomudejar.es\/en\/territorio-mudejar-routes-mestizo-land-and-borderland\/\"><span class=\"raven-post-button-text\">Leer m\u00e1s<\/span><\/a>\n\t\t<\/div>\n\t\t\t\t\t\t<\/div>\n\t\t\t<\/div>\n\t\t<\/div>\n\t\t\t\t<div class=\"raven-grid-item raven-post-item post-12073 post type-post status-publish format-standard has-post-thumbnail hentry category-news category-routes tag-heritage tag-mestizo-en tag-mudejar-en tag-projects tag-routes tag-territorio-mudejar-en\">\n\t\t\t<div class=\"raven-post\">\n\t\t\t\t\t\t<div class=\"raven-post-image-wrap\">\n\t\t\t<a class=\"raven-post-image raven-image-fit\" href=\"https:\/\/www.territoriomudejar.es\/en\/territorio-mudejar-routes-the-beauty-of-a-genuine-art-form\/\"><img decoding=\"async\" width=\"300\" height=\"195\" data-src=\"https:\/\/www.territoriomudejar.es\/wp-content\/uploads\/2021\/05\/ruta-magia-1-300x195.jpg\" class=\"attachment-medium size-medium wp-image-4732 lazyload\" alt=\"\" data-srcset=\"https:\/\/www.territoriomudejar.es\/wp-content\/uploads\/2021\/05\/ruta-magia-1-300x195.jpg 300w, https:\/\/www.territoriomudejar.es\/wp-content\/uploads\/2021\/05\/ruta-magia-1-1024x666.jpg 1024w, https:\/\/www.territoriomudejar.es\/wp-content\/uploads\/2021\/05\/ruta-magia-1-768x499.jpg 768w, https:\/\/www.territoriomudejar.es\/wp-content\/uploads\/2021\/05\/ruta-magia-1.jpg 1080w\" data-sizes=\"(max-width: 300px) 100vw, 300px\" src=\"data:image\/svg+xml;base64,PHN2ZyB3aWR0aD0iMSIgaGVpZ2h0PSIxIiB4bWxucz0iaHR0cDovL3d3dy53My5vcmcvMjAwMC9zdmciPjwvc3ZnPg==\" style=\"--smush-placeholder-width: 300px; --smush-placeholder-aspect-ratio: 300\/195;\" \/> <span class=\"raven-post-image-overlay\"><\/span><\/a>\t\t<\/div>\n\t\t\t\t\t\t<div class=\"raven-post-content\">\n\t\t\t\t\t<h3 class=\"raven-post-title\"><a class=\"raven-post-title-link\" href=\"https:\/\/www.territoriomudejar.es\/en\/territorio-mudejar-routes-the-beauty-of-a-genuine-art-form\/\">Territorio Mud\u00e9jar Routes: The beauty of a genuine art form<\/a><\/h3>\t\t<div class=\"raven-post-meta\"><a class=\"raven-post-meta-item raven-post-date\" href=\"https:\/\/www.territoriomudejar.es\/en\/2022\/09\/\" rel=\"bookmark\">7 September, 2022<\/a>\n<span class=\"raven-post-meta-divider\">\/<\/span>\n<span class=\"raven-post-meta-item raven-post-categories\"><a href=\"https:\/\/www.territoriomudejar.es\/en\/category\/news\/\" rel=\"tag\">News<\/a>, <a href=\"https:\/\/www.territoriomudejar.es\/en\/category\/projects\/routes\/\" rel=\"tag\">Routes<\/a><\/span>\n<span class=\"raven-post-meta-divider\">\/<\/span>\n<span class=\"raven-post-meta-item raven-post-tags\"><a href=\"https:\/\/www.territoriomudejar.es\/en\/tag\/heritage\/\" rel=\"tag\">heritage<\/a>, <a href=\"https:\/\/www.territoriomudejar.es\/en\/tag\/mestizo-en\/\" rel=\"tag\">mestizo<\/a>, <a href=\"https:\/\/www.territoriomudejar.es\/en\/tag\/mudejar-en\/\" rel=\"tag\">mudejar<\/a>, <a href=\"https:\/\/www.territoriomudejar.es\/en\/tag\/projects\/\" rel=\"tag\">projects<\/a>, <a href=\"https:\/\/www.territoriomudejar.es\/en\/tag\/routes\/\" rel=\"tag\">routes<\/a>, <a href=\"https:\/\/www.territoriomudejar.es\/en\/tag\/territorio-mudejar-en\/\" rel=\"tag\">Territorio Mud\u00e9jar<\/a><\/span><\/div>\n\t\t<div class=\"raven-post-excerpt\">In 2021, Mudejar architecture celebrates a double anniversary in its declaration as a World Heritage Site by UNESCO: 35 years since the recognition of Mudejar architecture of Teruel in 1986,<\/div>\t\t<div class=\"raven-post-read-more\">\n\t\t\t<a class=\"raven-post-button\" href=\"https:\/\/www.territoriomudejar.es\/en\/territorio-mudejar-routes-the-beauty-of-a-genuine-art-form\/\"><span class=\"raven-post-button-text\">Leer m\u00e1s<\/span><\/a>\n\t\t<\/div>\n\t\t\t\t\t\t<\/div>\n\t\t\t<\/div>\n\t\t<\/div>\n\t\t\t\t<div class=\"raven-grid-item raven-post-item post-23209 post type-post status-publish format-standard has-post-thumbnail hentry category-routes\">\n\t\t\t<div class=\"raven-post\">\n\t\t\t\t\t\t<div class=\"raven-post-image-wrap\">\n\t\t\t<a class=\"raven-post-image raven-image-fit\" href=\"https:\/\/www.territoriomudejar.es\/en\/territorio-mudejar-routes-a-journey-to-beauty\/\"><img decoding=\"async\" width=\"300\" height=\"208\" data-src=\"https:\/\/www.territoriomudejar.es\/wp-content\/uploads\/2022\/06\/mapa-web-300x208.jpg\" class=\"attachment-medium size-medium wp-image-11797 lazyload\" alt=\"\" data-srcset=\"https:\/\/www.territoriomudejar.es\/wp-content\/uploads\/2022\/06\/mapa-web-300x208.jpg 300w, https:\/\/www.territoriomudejar.es\/wp-content\/uploads\/2022\/06\/mapa-web-1024x711.jpg 1024w, https:\/\/www.territoriomudejar.es\/wp-content\/uploads\/2022\/06\/mapa-web-768x534.jpg 768w, https:\/\/www.territoriomudejar.es\/wp-content\/uploads\/2022\/06\/mapa-web-1536x1067.jpg 1536w, https:\/\/www.territoriomudejar.es\/wp-content\/uploads\/2022\/06\/mapa-web-2048x1423.jpg 2048w, https:\/\/www.territoriomudejar.es\/wp-content\/uploads\/2022\/06\/mapa-web-600x417.jpg 600w\" data-sizes=\"(max-width: 300px) 100vw, 300px\" src=\"data:image\/svg+xml;base64,PHN2ZyB3aWR0aD0iMSIgaGVpZ2h0PSIxIiB4bWxucz0iaHR0cDovL3d3dy53My5vcmcvMjAwMC9zdmciPjwvc3ZnPg==\" style=\"--smush-placeholder-width: 300px; --smush-placeholder-aspect-ratio: 300\/208;\" \/> <span class=\"raven-post-image-overlay\"><\/span><\/a>\t\t<\/div>\n\t\t\t\t\t\t<div class=\"raven-post-content\">\n\t\t\t\t\t<h3 class=\"raven-post-title\"><a class=\"raven-post-title-link\" href=\"https:\/\/www.territoriomudejar.es\/en\/territorio-mudejar-routes-a-journey-to-beauty\/\">Territorio Mud\u00e9jar Routes, a journey to beauty<\/a><\/h3>\t\t<div class=\"raven-post-meta\"><a class=\"raven-post-meta-item raven-post-date\" href=\"https:\/\/www.territoriomudejar.es\/en\/2022\/06\/\" rel=\"bookmark\">14 June, 2022<\/a>\n<span class=\"raven-post-meta-divider\">\/<\/span>\n<span class=\"raven-post-meta-item raven-post-categories\"><a href=\"https:\/\/www.territoriomudejar.es\/en\/category\/projects\/routes\/\" rel=\"tag\">Routes<\/a><\/span><\/div>\n\t\t<div class=\"raven-post-excerpt\">In a strategic alliance with the Tourism Department of the Provincial Council of Zaragoza, we offer you twelve routes accompanied by a complete tour of the villages of Territorio Mud\u00e9jar<\/div>\t\t<div class=\"raven-post-read-more\">\n\t\t\t<a class=\"raven-post-button\" href=\"https:\/\/www.territoriomudejar.es\/en\/territorio-mudejar-routes-a-journey-to-beauty\/\"><span class=\"raven-post-button-text\">Leer m\u00e1s<\/span><\/a>\n\t\t<\/div>\n\t\t\t\t\t\t<\/div>\n\t\t\t<\/div>\n\t\t<\/div>\n\t\t\t\t<\/div>\n\t\t\t\t\t\t<\/div>\n\t\t\t\t<\/div>\n\t\t\t\t\t<\/div>\n\t\t<\/div>\n\t\t\t\t<div class=\"elementor-column elementor-col-50 elementor-top-column elementor-element elementor-element-6650144\" data-id=\"6650144\" data-element_type=\"column\" data-e-type=\"column\">\n\t\t\t<div class=\"elementor-widget-wrap elementor-element-populated\">\n\t\t\t\t\t\t<div class=\"elementor-element elementor-element-bca9180 elementor-widget elementor-widget-sidebar\" data-id=\"bca9180\" data-element_type=\"widget\" data-e-type=\"widget\" data-widget_type=\"sidebar.default\">\n\t\t\t\t<div class=\"elementor-widget-container\">\n\t\t\t\t\t<div id=\"search-3\" class=\"jupiterx-widget widget_search search-3 widget_search\" data-markup-id=\"jupiterx_widget_card[_jupiterx_custom_sidebar_1][_search][_search-3]\"><h3 class=\"card-title\" data-markup-id=\"jupiterx_widget_title[_jupiterx_custom_sidebar_1][_search][_search-3]\"><!-- open output: jupiterx_widget_title_text -->Search<!-- close output: jupiterx_widget_title_text --><\/h3><div class=\"jupiterx-widget-content\" data-markup-id=\"jupiterx_widget_content[_jupiterx_custom_sidebar_1][_search][_search-3]\"><!-- open output: jupiterx_widget_content[_jupiterx_custom_sidebar_1][_search][_search-3] --><form class=\"jupiterx-search-form form-inline\" method=\"get\" action=\"https:\/\/www.territoriomudejar.es\/en\/\" role=\"search\" data-markup-id=\"jupiterx_search_form\"><input type=\"hidden\" value=\"en\" name=\"lang\" data-markup-id=\"jupiterx_lang_search_input\"\/><input class=\"form-control\" type=\"search\" placeholder=\"Search\" value=\"\" name=\"s\" data-markup-id=\"jupiterx_search_form_input\"\/><button class=\"btn jupiterx-icon-search-1\" data-markup-id=\"jupiterx_search_form_input_button\"><\/button><\/form><!-- close output: jupiterx_widget_content[_jupiterx_custom_sidebar_1][_search][_search-3] --><\/div><\/div>\t\t\t\t<\/div>\n\t\t\t\t<\/div>\n\t\t\t\t<div class=\"elementor-element elementor-element-100b0e2 elementor-widget elementor-widget-text-editor\" data-id=\"100b0e2\" data-element_type=\"widget\" data-e-type=\"widget\" data-widget_type=\"text-editor.default\">\n\t\t\t\t<div class=\"elementor-widget-container\">\n\t\t\t\t\t\t\t\t\t<p>Territorio Mud\u00e9jar projects<\/p>\n\t\t\t\t\t\t\t\t<\/div>\n\t\t\t\t<\/div>\n\t\t\t\t<div class=\"elementor-element elementor-element-eb451df elementor-widget elementor-widget-text-editor\" data-id=\"eb451df\" data-element_type=\"widget\" data-e-type=\"widget\" data-widget_type=\"text-editor.default\">\n\t\t\t\t<div class=\"elementor-widget-container\">\n\t\t\t\t\t\t\t\t\t<p><a href=\"https:\/\/www.territoriomudejar.es\/desafios\/\">Internship Challenge Programme<\/a><\/p>\n<p><a href=\"https:\/\/www.territoriomudejar.es\/estancias-de-investigacion-2023\/\">Research stays 2023<\/a><\/p>\n<p><a href=\"https:\/\/www.territoriomudejar.es\/estancias-de-investigacion-2022\/\">Research stays 2022<\/a><\/p>\n<p><a href=\"https:\/\/www.territoriomudejar.es\/estancias-de-investigacion-2021\/\">Research stays 2021<\/a><\/p>\n<p><a href=\"https:\/\/www.territoriomudejar.es\/estancias-de-investigacion-2020\/\">Research stays 2020<\/a><\/p>\n<p><a href=\"https:\/\/www.territoriomudejar.es\/estancias-de-investigacion-2019\/\">Research stays 2019<\/a><\/p>\n<p><a href=\"https:\/\/www.territoriomudejar.es\/proyecto-el-viajero\/\">Project El Viajero<\/a><\/p>\n<p><a href=\"https:\/\/www.territoriomudejar.es\/interreg-momar\/\">Interreg MOMAr project<\/a><\/p>\n<p><a href=\"https:\/\/www.territoriomudejar.es\/proyectos-rutas\/\">Routes<\/a><\/p>\n<p><span style=\"text-decoration: underline;\"><a href=\"https:\/\/www.territoriomudejar.es\/proyectos-varios\/\">Various projects<\/a><\/span><\/p>\n\t\t\t\t\t\t\t\t<\/div>\n\t\t\t\t<\/div>\n\t\t\t\t\t<\/div>\n\t\t<\/div>\n\t\t\t\t\t<\/div>\n\t\t<\/section>\n\t\t\t\t<\/div>\n\t\t","protected":false},"excerpt":{"rendered":"<p>Projects TERRITORIO MUD\u00c9JAR Rutas Territorio Mud\u00e9jar, viaje a la belleza 14 junio, 2022 \/ Rutas En una alianza estrat\u00e9gica con el \u00e1rea de Turismo de la Diputaci\u00f3n Provincial de Zaragoza os ofrecemos doce rutas acompa\u00f1adas con un completo recorrido por los pueblos de Territorio Mud\u00e9jar Leer m\u00e1s Rutas Territorio Mud\u00e9jar 2021 20 junio, 2021 \/ [&hellip;]<\/p>\n","protected":false},"author":1,"featured_media":0,"parent":0,"menu_order":0,"comment_status":"closed","ping_status":"closed","template":"elementor_header_footer","meta":{"_monsterinsights_skip_tracking":false,"_monsterinsights_sitenote_active":false,"_monsterinsights_sitenote_note":"","_monsterinsights_sitenote_category":0,"footnotes":""},"class_list":["post-18538","page","type-page","status-publish","hentry"],"acf":[],"_links":{"self":[{"href":"https:\/\/www.territoriomudejar.es\/en\/wp-json\/wp\/v2\/pages\/18538","targetHints":{"allow":["GET"]}}],"collection":[{"href":"https:\/\/www.territoriomudejar.es\/en\/wp-json\/wp\/v2\/pages"}],"about":[{"href":"https:\/\/www.territoriomudejar.es\/en\/wp-json\/wp\/v2\/types\/page"}],"author":[{"embeddable":true,"href":"https:\/\/www.territoriomudejar.es\/en\/wp-json\/wp\/v2\/users\/1"}],"replies":[{"embeddable":true,"href":"https:\/\/www.territoriomudejar.es\/en\/wp-json\/wp\/v2\/comments?post=18538"}],"version-history":[{"count":0,"href":"https:\/\/www.territoriomudejar.es\/en\/wp-json\/wp\/v2\/pages\/18538\/revisions"}],"wp:attachment":[{"href":"https:\/\/www.territoriomudejar.es\/en\/wp-json\/wp\/v2\/media?parent=18538"}],"curies":[{"name":"wp","href":"https:\/\/api.w.org\/{rel}","templated":true}]}}